{"id":4921,"date":"2024-09-18T20:30:43","date_gmt":"2024-09-18T20:30:43","guid":{"rendered":"https:\/\/montajesnorte.com\/politica-de-privacidade\/"},"modified":"2024-11-05T09:41:22","modified_gmt":"2024-11-05T09:41:22","slug":"politica-de-privacidade","status":"publish","type":"page","link":"https:\/\/montajesnorte.com\/gl\/politica-de-privacidade\/","title":{"rendered":"Pol\u00edtica de privacidade"},"content":{"rendered":"\n<p><strong>1. Identidade do Responsable<\/strong> <strong>Montajes Norte SL<\/strong> , con enderezo na R\u00faa da Liberdade, 172, 1\u00ba A, 27600 Sarria, Lugo e tel\u00e9fono 658268398, \u00e9 o responsable do tratamento dos datos persoais recollidos a trav\u00e9s deste sitio web. Podes contactar connosco no correo electr\u00f3nico <a href=\"mailto:info@montajesnorte.es\">info@montajesnorte.es<\/a> . <\/p>\n\n<p><strong>2. Datos persoais recollidos<\/strong> A trav\u00e9s do noso sitio web, podemos recoller a seguinte informaci\u00f3n persoal:<\/p>\n\n<ul class=\"wp-block-list\">\n<li><strong>Datos de contacto<\/strong> : nome, correo electr\u00f3nico, n\u00famero de tel\u00e9fono, enderezo postal.<\/li>\n\n\n\n<li><strong>Datos de navegaci\u00f3n<\/strong> : enderezo IP, navegador utilizado, localizaci\u00f3n e datos sobre o uso do noso sitio web.<\/li>\n\n\n\n<li><strong>Outros datos<\/strong> : informaci\u00f3n adicional proporcionada a trav\u00e9s de formularios ou comunicaci\u00f3ns por correo electr\u00f3nico.<\/li>\n<\/ul>\n\n<p><strong>3. Finalidades do tratamento dos datos<\/strong> Os datos persoais recollidos ser\u00e1n utilizados para:<\/p>\n\n<ul class=\"wp-block-list\">\n<li>Xestionar e responder a solicitudes de informaci\u00f3n, consultas ou solicitudes de orzamento.<\/li>\n\n\n\n<li>Enviar comunicaci\u00f3ns comerciais, sempre que se dea o consentimento previo.<\/li>\n\n\n\n<li>Mellora e personaliza a experiencia do usuario no noso sitio web.<\/li>\n\n\n\n<li>Cumprir coas nosas obrigas legais.<\/li>\n<\/ul>\n\n<p><strong>4. Base legal para o tratamento de datos<\/strong> O tratamento dos seus datos persoais bas\u00e9ase en:<\/p>\n\n<ul class=\"wp-block-list\">\n<li><strong>Consentimento<\/strong> : Ao marcar a caixa de aceptaci\u00f3n dos nosos formularios, d\u00e1s o teu consentimento para o tratamento dos teus datos para as finalidades indicadas.<\/li>\n\n\n\n<li><strong>Interese lex\u00edtimo<\/strong> : xestionar consultas e optimizar o funcionamento da nosa web.<\/li>\n\n\n\n<li><strong>Cumprimento dunha obriga legal<\/strong> : cando o tratamento sexa necesario para cumprir coa lexislaci\u00f3n aplicable.<\/li>\n<\/ul>\n\n<p><strong>5. Conservaci\u00f3n dos Datos<\/strong> Os seus datos persoais conservaranse durante o tempo necesario para cumprir coa finalidade para a que foron recollidos e para determinar as posibles responsabilidades derivadas da devandita finalidade. No caso de comunicaci\u00f3ns comerciais, os datos conservaranse ata que o usuario solicite a s\u00faa supresi\u00f3n. <\/p>\n\n<p><strong>6. Os destinatarios dos Data<\/strong> Montajes Norte non ceder\u00e1n os seus datos persoais a terceiros, salvo nos seguintes casos:<\/p>\n\n<ul class=\"wp-block-list\">\n<li>Cando exista unha obriga legal.<\/li>\n\n\n\n<li>Para a prestaci\u00f3n de servizos esenciais (por exemplo, provedores de tecnolox\u00eda), en cuxo caso estableceranse acordos de tratamento de datos de acordo coa lexislaci\u00f3n vixente.<\/li>\n<\/ul>\n\n<p><strong>7. Dereitos do usuario<\/strong> Como usuario, ten dereito a:<\/p>\n\n<ul class=\"wp-block-list\">\n<li><strong>Acceso<\/strong> : Co\u00f1ece que datos persoais teus estamos tratando.<\/li>\n\n\n\n<li><strong>Rectificaci\u00f3n<\/strong> : Solicitar a correcci\u00f3n de datos inexactos.<\/li>\n\n\n\n<li><strong>Eliminaci\u00f3n<\/strong> : Solicitar a eliminaci\u00f3n dos seus datos cando xa non sexan necesarios para os fins recollidos.<\/li>\n\n\n\n<li><strong>Limitaci\u00f3n do tratamento<\/strong> : limita o tratamento dos teus datos en determinados casos.<\/li>\n\n\n\n<li><strong>Oposici\u00f3n<\/strong> : opo\u00f1erse ao tratamento dos seus datos por motivos persoais.<\/li>\n\n\n\n<li><strong>Portabilidade<\/strong> : Solicitar que os teus datos sexan cedidos a outra persoa responsable. Para exercer estes dereitos, pode enviar unha solicitude a <a href=\"mailto:info@montajesnorte.es\">info@montajesnorte.es<\/a> ou ao enderezo indicado, indicando claramente a s\u00faa identidade e o dereito que desexa exercer. Tam\u00e9n ten dereito a presentar unha reclamaci\u00f3n ante a Axencia Espa\u00f1ola de Protecci\u00f3n de Datos (AEPD) se considera que os seus dereitos foron vulnerados.  <\/li>\n<\/ul>\n\n<p><strong>8. Seguridade dos datos<\/strong> Montajes Norte adopta todas as medidas t\u00e9cnicas e organizativas necesarias para garantir a seguridade dos datos persoais, evitando a s\u00faa alteraci\u00f3n, perda, tratamento ou acceso non autorizado, de acordo co establecido na lexislaci\u00f3n vixente.<\/p>\n\n<p><strong>9. Uso de cookies<\/strong> O noso sitio web utiliza cookies para optimizar a experiencia do usuario e analizar o uso do sitio web. Podes consultar a nosa <strong>Pol\u00edtica de cookies<\/strong> para obter informaci\u00f3n detallada sobre o uso e configuraci\u00f3n das cookies na nosa p\u00e1xina. <\/p>\n\n<p><strong>10. Modificaci\u00f3ns da Pol\u00edtica de Privacidade<\/strong> Montajes Norte res\u00e9rvase o dereito a modificar esta Pol\u00edtica de Privacidade para adaptala \u00e1s novas esixencias lexislativas ou xurisprudenciais. Calquera cambio publicarase nesta p\u00e1xina e, en caso de cambios significativos, notificarase aos usuarios. <\/p>\n\n<p><strong>Contacto<\/strong> Se tes d\u00fabidas ou consultas sobre a nosa Pol\u00edtica de Privacidade, podes po\u00f1erte en contacto connosco en <a href=\"mailto:info@montajesnorte.es\">info@montajesnorte.es<\/a> .<\/p>\n\n<hr class=\"wp-block-separator has-alpha-channel-opacity\"\/>\n","protected":false},"excerpt":{"rendered":"<p>1. Identidade do Responsable Montajes Norte SL , con enderezo na R\u00faa da Liberdade, 172, 1\u00ba A, 27600 Sarria, Lugo e tel\u00e9fono 658268398, \u00e9 o responsable do tratamento dos datos persoais recollidos a trav\u00e9s deste sitio web. Podes contactar connosco no correo electr\u00f3nico info@montajesnorte.es . 2. Datos persoais recollidos A trav\u00e9s do noso sitio web, [&hellip;]<\/p>\n","protected":false},"author":1,"featured_media":0,"parent":0,"menu_order":0,"comment_status":"closed","ping_status":"closed","template":"","meta":{"footnotes":""},"class_list":["post-4921","page","type-page","status-publish","hentry","no-thumb"],"_links":{"self":[{"href":"https:\/\/montajesnorte.com\/gl\/wp-json\/wp\/v2\/pages\/4921","targetHints":{"allow":["GET"]}}],"collection":[{"href":"https:\/\/montajesnorte.com\/gl\/wp-json\/wp\/v2\/pages"}],"about":[{"href":"https:\/\/montajesnorte.com\/gl\/wp-json\/wp\/v2\/types\/page"}],"author":[{"embeddable":true,"href":"https:\/\/montajesnorte.com\/gl\/wp-json\/wp\/v2\/users\/1"}],"replies":[{"embeddable":true,"href":"https:\/\/montajesnorte.com\/gl\/wp-json\/wp\/v2\/comments?post=4921"}],"version-history":[{"count":1,"href":"https:\/\/montajesnorte.com\/gl\/wp-json\/wp\/v2\/pages\/4921\/revisions"}],"predecessor-version":[{"id":4922,"href":"https:\/\/montajesnorte.com\/gl\/wp-json\/wp\/v2\/pages\/4921\/revisions\/4922"}],"wp:attachment":[{"href":"https:\/\/montajesnorte.com\/gl\/wp-json\/wp\/v2\/media?parent=4921"}],"curies":[{"name":"wp","href":"https:\/\/api.w.org\/{rel}","templated":true}]}}