{"id":4905,"date":"2019-10-08T08:44:07","date_gmt":"2019-10-08T08:44:07","guid":{"rendered":"https:\/\/montajesnorte.com\/proxectos\/sibuya\/"},"modified":"2024-11-05T09:41:17","modified_gmt":"2024-11-05T09:41:17","slug":"sibuya","status":"publish","type":"page","link":"https:\/\/montajesnorte.com\/gl\/proxectos\/sibuya\/","title":{"rendered":"Sibuya"},"content":{"rendered":"\t\t<div data-elementor-type=\"wp-page\" data-elementor-id=\"4905\" class=\"elementor elementor-4905 elementor-2830\">\n\t\t\t\t\t\t<section class=\"elementor-section elementor-top-section elementor-element elementor-element-9589e89 elementor-section-boxed elementor-section-height-default elementor-section-height-default\" data-id=\"9589e89\" data-element_type=\"section\" data-settings=\"{&quot;jet_parallax_layout_list&quot;:[{&quot;jet_parallax_layout_image&quot;:{&quot;url&quot;:&quot;&quot;,&quot;id&quot;:&quot;&quot;,&quot;size&quot;:&quot;&quot;},&quot;_id&quot;:&quot;a2a7d5c&quot;,&quot;jet_parallax_layout_image_tablet&quot;:{&quot;url&quot;:&quot;&quot;,&quot;id&quot;:&quot;&quot;,&quot;size&quot;:&quot;&quot;},&quot;jet_parallax_layout_image_mobile&quot;:{&quot;url&quot;:&quot;&quot;,&quot;id&quot;:&quot;&quot;,&quot;size&quot;:&quot;&quot;},&quot;jet_parallax_layout_speed&quot;:{&quot;unit&quot;:&quot;%&quot;,&quot;size&quot;:50,&quot;sizes&quot;:[]},&quot;jet_parallax_layout_type&quot;:&quot;scroll&quot;,&quot;jet_parallax_layout_direction&quot;:null,&quot;jet_parallax_layout_fx_direction&quot;:null,&quot;jet_parallax_layout_z_index&quot;:&quot;&quot;,&quot;jet_parallax_layout_bg_x&quot;:50,&quot;jet_parallax_layout_bg_x_tablet&quot;:&quot;&quot;,&quot;jet_parallax_layout_bg_x_mobile&quot;:&quot;&quot;,&quot;jet_parallax_layout_bg_y&quot;:50,&quot;jet_parallax_layout_bg_y_tablet&quot;:&quot;&quot;,&quot;jet_parallax_layout_bg_y_mobile&quot;:&quot;&quot;,&quot;jet_parallax_layout_bg_size&quot;:&quot;auto&quot;,&quot;jet_parallax_layout_bg_size_tablet&quot;:&quot;&quot;,&quot;jet_parallax_layout_bg_size_mobile&quot;:&quot;&quot;,&quot;jet_parallax_layout_animation_prop&quot;:&quot;transform&quot;,&quot;jet_parallax_layout_on&quot;:[&quot;desktop&quot;,&quot;tablet&quot;]}]}\">\n\t\t\t\t\t\t<div class=\"elementor-container elementor-column-gap-default\">\n\t\t\t\t\t<div class=\"elementor-column elementor-col-50 elementor-top-column elementor-element elementor-element-e35c615\" data-id=\"e35c615\" data-element_type=\"column\">\n\t\t\t<div class=\"elementor-widget-wrap elementor-element-populated\">\n\t\t\t\t\t\t<div class=\"elementor-element elementor-element-1feeded elementor-widget elementor-widget-heading\" data-id=\"1feeded\" data-element_type=\"widget\" data-widget_type=\"heading.default\">\n\t\t\t\t<div class=\"elementor-widget-container\">\n\t\t\t\t\t<h2 class=\"elementor-heading-title elementor-size-default\">Sibuya, restaurante<\/h2>\t\t\t\t<\/div>\n\t\t\t\t<\/div>\n\t\t\t\t<div class=\"elementor-element elementor-element-b6a1049 elementor-widget elementor-widget-image\" data-id=\"b6a1049\" data-element_type=\"widget\" data-widget_type=\"image.default\">\n\t\t\t\t<div class=\"elementor-widget-container\">\n\t\t\t\t\t\t\t\t\t\t\t\t\t\t\t<img fetchpriority=\"high\" decoding=\"async\" width=\"960\" height=\"540\" src=\"https:\/\/montajesnorte.com\/wp-content\/uploads\/2024\/10\/53379702_2811762682197157_4689636603948171264_n.jpg\" class=\"attachment-large size-large wp-image-4860\" alt=\"\" srcset=\"https:\/\/montajesnorte.com\/wp-content\/uploads\/2024\/10\/53379702_2811762682197157_4689636603948171264_n.jpg 960w, https:\/\/montajesnorte.com\/wp-content\/uploads\/2024\/10\/53379702_2811762682197157_4689636603948171264_n-300x169.jpg 300w, https:\/\/montajesnorte.com\/wp-content\/uploads\/2024\/10\/53379702_2811762682197157_4689636603948171264_n-768x432.jpg 768w, https:\/\/montajesnorte.com\/wp-content\/uploads\/2024\/10\/53379702_2811762682197157_4689636603948171264_n-360x203.jpg 360w, https:\/\/montajesnorte.com\/wp-content\/uploads\/2024\/10\/53379702_2811762682197157_4689636603948171264_n-870x489.jpg 870w, https:\/\/montajesnorte.com\/wp-content\/uploads\/2024\/10\/53379702_2811762682197157_4689636603948171264_n-560x315.jpg 560w, https:\/\/montajesnorte.com\/wp-content\/uploads\/2024\/10\/53379702_2811762682197157_4689636603948171264_n-270x153.jpg 270w, https:\/\/montajesnorte.com\/wp-content\/uploads\/2024\/10\/53379702_2811762682197157_4689636603948171264_n-480x271.jpg 480w, https:\/\/montajesnorte.com\/wp-content\/uploads\/2024\/10\/53379702_2811762682197157_4689636603948171264_n-570x321.jpg 570w\" sizes=\"(max-width: 960px) 100vw, 960px\" \/>\t\t\t\t\t\t\t\t\t\t\t\t\t\t\t<\/div>\n\t\t\t\t<\/div>\n\t\t\t\t<div class=\"elementor-element elementor-element-8228745 elementor-widget elementor-widget-image\" data-id=\"8228745\" data-element_type=\"widget\" data-widget_type=\"image.default\">\n\t\t\t\t<div class=\"elementor-widget-container\">\n\t\t\t\t\t\t\t\t\t\t\t\t\t\t\t<img decoding=\"async\" width=\"540\" height=\"960\" src=\"https:\/\/montajesnorte.com\/wp-content\/uploads\/2024\/10\/52880713_2811762952197130_6071724150286712832_n.jpg\" class=\"attachment-large size-large wp-image-4863\" alt=\"\" srcset=\"https:\/\/montajesnorte.com\/wp-content\/uploads\/2024\/10\/52880713_2811762952197130_6071724150286712832_n.jpg 540w, https:\/\/montajesnorte.com\/wp-content\/uploads\/2024\/10\/52880713_2811762952197130_6071724150286712832_n-169x300.jpg 169w\" sizes=\"(max-width: 540px) 100vw, 540px\" \/>\t\t\t\t\t\t\t\t\t\t\t\t\t\t\t<\/div>\n\t\t\t\t<\/div>\n\t\t\t\t<div class=\"elementor-element elementor-element-122f724 elementor-widget elementor-widget-image\" data-id=\"122f724\" data-element_type=\"widget\" data-widget_type=\"image.default\">\n\t\t\t\t<div class=\"elementor-widget-container\">\n\t\t\t\t\t\t\t\t\t\t\t\t\t\t\t<img decoding=\"async\" width=\"540\" height=\"960\" src=\"https:\/\/montajesnorte.com\/wp-content\/uploads\/2024\/10\/53053588_2811763225530436_4436540834099232768_n.jpg\" class=\"attachment-large size-large wp-image-4865\" alt=\"\" srcset=\"https:\/\/montajesnorte.com\/wp-content\/uploads\/2024\/10\/53053588_2811763225530436_4436540834099232768_n.jpg 540w, https:\/\/montajesnorte.com\/wp-content\/uploads\/2024\/10\/53053588_2811763225530436_4436540834099232768_n-169x300.jpg 169w\" sizes=\"(max-width: 540px) 100vw, 540px\" \/>\t\t\t\t\t\t\t\t\t\t\t\t\t\t\t<\/div>\n\t\t\t\t<\/div>\n\t\t\t\t<div class=\"elementor-element elementor-element-17d3850 elementor-widget elementor-widget-image\" data-id=\"17d3850\" data-element_type=\"widget\" data-widget_type=\"image.default\">\n\t\t\t\t<div class=\"elementor-widget-container\">\n\t\t\t\t\t\t\t\t\t\t\t\t\t\t\t<img loading=\"lazy\" decoding=\"async\" width=\"960\" height=\"540\" src=\"https:\/\/montajesnorte.com\/wp-content\/uploads\/2024\/10\/52935444_2811763128863779_3892306531382722560_n.jpg\" class=\"attachment-large size-large wp-image-4864\" alt=\"\" srcset=\"https:\/\/montajesnorte.com\/wp-content\/uploads\/2024\/10\/52935444_2811763128863779_3892306531382722560_n.jpg 960w, https:\/\/montajesnorte.com\/wp-content\/uploads\/2024\/10\/52935444_2811763128863779_3892306531382722560_n-300x169.jpg 300w, https:\/\/montajesnorte.com\/wp-content\/uploads\/2024\/10\/52935444_2811763128863779_3892306531382722560_n-768x432.jpg 768w, https:\/\/montajesnorte.com\/wp-content\/uploads\/2024\/10\/52935444_2811763128863779_3892306531382722560_n-360x203.jpg 360w, https:\/\/montajesnorte.com\/wp-content\/uploads\/2024\/10\/52935444_2811763128863779_3892306531382722560_n-870x489.jpg 870w, https:\/\/montajesnorte.com\/wp-content\/uploads\/2024\/10\/52935444_2811763128863779_3892306531382722560_n-560x315.jpg 560w, https:\/\/montajesnorte.com\/wp-content\/uploads\/2024\/10\/52935444_2811763128863779_3892306531382722560_n-270x153.jpg 270w, https:\/\/montajesnorte.com\/wp-content\/uploads\/2024\/10\/52935444_2811763128863779_3892306531382722560_n-480x271.jpg 480w, https:\/\/montajesnorte.com\/wp-content\/uploads\/2024\/10\/52935444_2811763128863779_3892306531382722560_n-570x321.jpg 570w\" sizes=\"(max-width: 960px) 100vw, 960px\" \/>\t\t\t\t\t\t\t\t\t\t\t\t\t\t\t<\/div>\n\t\t\t\t<\/div>\n\t\t\t\t<div class=\"elementor-element elementor-element-588e38b elementor-widget elementor-widget-image\" data-id=\"588e38b\" data-element_type=\"widget\" data-widget_type=\"image.default\">\n\t\t\t\t<div class=\"elementor-widget-container\">\n\t\t\t\t\t\t\t\t\t\t\t\t\t\t\t<img loading=\"lazy\" decoding=\"async\" width=\"540\" height=\"960\" src=\"https:\/\/montajesnorte.com\/wp-content\/uploads\/2024\/10\/52911753_2811762858863806_8941216346482409472_n.jpg\" class=\"attachment-large size-large wp-image-4862\" alt=\"\" srcset=\"https:\/\/montajesnorte.com\/wp-content\/uploads\/2024\/10\/52911753_2811762858863806_8941216346482409472_n.jpg 540w, https:\/\/montajesnorte.com\/wp-content\/uploads\/2024\/10\/52911753_2811762858863806_8941216346482409472_n-169x300.jpg 169w\" sizes=\"(max-width: 540px) 100vw, 540px\" \/>\t\t\t\t\t\t\t\t\t\t\t\t\t\t\t<\/div>\n\t\t\t\t<\/div>\n\t\t\t\t\t<\/div>\n\t\t<\/div>\n\t\t\t\t<div class=\"jet-sticky-column elementor-column elementor-col-50 elementor-top-column elementor-element elementor-element-7e36586\" data-jet-settings=\"{&quot;id&quot;:&quot;7e36586&quot;,&quot;sticky&quot;:true,&quot;topSpacing&quot;:50,&quot;bottomSpacing&quot;:50,&quot;stickyOn&quot;:[&quot;desktop&quot;,&quot;tablet&quot;]}\" data-id=\"7e36586\" data-element_type=\"column\">\n\t\t\t<div class=\"elementor-widget-wrap elementor-element-populated\">\n\t\t\t\t\t\t<div class=\"elementor-element elementor-element-abe3111 elementor-widget elementor-widget-heading\" data-id=\"abe3111\" data-element_type=\"widget\" data-widget_type=\"heading.default\">\n\t\t\t\t<div class=\"elementor-widget-container\">\n\t\t\t\t\t<h2 class=\"elementor-heading-title elementor-size-default\">Descrici\u00f3n<\/h2>\t\t\t\t<\/div>\n\t\t\t\t<\/div>\n\t\t\t\t<div class=\"elementor-element elementor-element-6e538f7 elementor-widget-divider--view-line elementor-widget elementor-widget-divider\" data-id=\"6e538f7\" data-element_type=\"widget\" data-widget_type=\"divider.default\">\n\t\t\t\t<div class=\"elementor-widget-container\">\n\t\t\t\t\t\t\t<div class=\"elementor-divider\">\n\t\t\t<span class=\"elementor-divider-separator\">\n\t\t\t\t\t\t<\/span>\n\t\t<\/div>\n\t\t\t\t\t\t<\/div>\n\t\t\t\t<\/div>\n\t\t\t\t<div class=\"elementor-element elementor-element-88d7689 elementor-widget elementor-widget-text-editor\" data-id=\"88d7689\" data-element_type=\"widget\" data-widget_type=\"text-editor.default\">\n\t\t\t\t<div class=\"elementor-widget-container\">\n\t\t\t\t\t\t\t\t\t<p>O dese\u00f1o dos restaurantes de Sibuya requir\u00eda mobles personalizados para crear un ambiente acolledor e elegante. Desde a montaxe de mobles a medida ata a instalaci\u00f3n de elementos decorativos, centr\u00e1monos en cada detalle para que o resultado reflectise a esencia da marca Sibuya. Este traballo incl\u00fae dende a montaxe de mesas e cadeiras ata a disposici\u00f3n de \u00e1reas de servizo, garantindo un fluxo \u00f3ptimo e unha experiencia agradable para os clientes.  <\/p>\n\t\t\t\t\t\t\t\t<\/div>\n\t\t\t\t<\/div>\n\t\t\t\t<div class=\"elementor-element elementor-element-87ff72f elementor-widget__width-inherit elementor-widget-tablet__width-inherit elementor-widget-mobile__width-inherit elementor-hidden-tablet elementor-widget elementor-widget-jet-button\" data-id=\"87ff72f\" data-element_type=\"widget\" data-widget_type=\"jet-button.default\">\n\t\t\t\t<div class=\"elementor-widget-container\">\n\t\t\t\t\t<div class=\"elementor-jet-button jet-elements\"><div class=\"jet-button__container\">\n\t<a class=\"jet-button__instance jet-button__instance--icon-left hover-effect-1\" href=\"https:\/\/montajesnorte.com\/gl\/proxectos\/\">\n\t\t<div class=\"jet-button__plane jet-button__plane-normal\"><\/div>\n\t\t<div class=\"jet-button__plane jet-button__plane-hover\"><\/div>\n\t\t<div class=\"jet-button__state jet-button__state-normal\">\n\t\t\t<span class=\"jet-button__icon jet-elements-icon\"><svg aria-hidden=\"true\" class=\"e-font-icon-svg e-fas-link\" viewBox=\"0 0 512 512\" xmlns=\"http:\/\/www.w3.org\/2000\/svg\"><path d=\"M326.612 185.391c59.747 59.809 58.927 155.698.36 214.59-.11.12-.24.25-.36.37l-67.2 67.2c-59.27 59.27-155.699 59.262-214.96 0-59.27-59.26-59.27-155.7 0-214.96l37.106-37.106c9.84-9.84 26.786-3.3 27.294 10.606.648 17.722 3.826 35.527 9.69 52.721 1.986 5.822.567 12.262-3.783 16.612l-13.087 13.087c-28.026 28.026-28.905 73.66-1.155 101.96 28.024 28.579 74.086 28.749 102.325.51l67.2-67.19c28.191-28.191 28.073-73.757 0-101.83-3.701-3.694-7.429-6.564-10.341-8.569a16.037 16.037 0 0 1-6.947-12.606c-.396-10.567 3.348-21.456 11.698-29.806l21.054-21.055c5.521-5.521 14.182-6.199 20.584-1.731a152.482 152.482 0 0 1 20.522 17.197zM467.547 44.449c-59.261-59.262-155.69-59.27-214.96 0l-67.2 67.2c-.12.12-.25.25-.36.37-58.566 58.892-59.387 154.781.36 214.59a152.454 152.454 0 0 0 20.521 17.196c6.402 4.468 15.064 3.789 20.584-1.731l21.054-21.055c8.35-8.35 12.094-19.239 11.698-29.806a16.037 16.037 0 0 0-6.947-12.606c-2.912-2.005-6.64-4.875-10.341-8.569-28.073-28.073-28.191-73.639 0-101.83l67.2-67.19c28.239-28.239 74.3-28.069 102.325.51 27.75 28.3 26.872 73.934-1.155 101.96l-13.087 13.087c-4.35 4.35-5.769 10.79-3.783 16.612 5.864 17.194 9.042 34.999 9.69 52.721.509 13.906 17.454 20.446 27.294 10.606l37.106-37.106c59.271-59.259 59.271-155.699.001-214.959z\"><\/path><\/svg><\/span><span class=\"jet-button__label\">M\u00e1is proxectos<\/span>\t\t<\/div>\n\t\t<div class=\"jet-button__state jet-button__state-hover\">\n\t\t\t<span class=\"jet-button__icon jet-elements-icon\"><svg aria-hidden=\"true\" class=\"e-font-icon-svg e-fas-link\" viewBox=\"0 0 512 512\" xmlns=\"http:\/\/www.w3.org\/2000\/svg\"><path d=\"M326.612 185.391c59.747 59.809 58.927 155.698.36 214.59-.11.12-.24.25-.36.37l-67.2 67.2c-59.27 59.27-155.699 59.262-214.96 0-59.27-59.26-59.27-155.7 0-214.96l37.106-37.106c9.84-9.84 26.786-3.3 27.294 10.606.648 17.722 3.826 35.527 9.69 52.721 1.986 5.822.567 12.262-3.783 16.612l-13.087 13.087c-28.026 28.026-28.905 73.66-1.155 101.96 28.024 28.579 74.086 28.749 102.325.51l67.2-67.19c28.191-28.191 28.073-73.757 0-101.83-3.701-3.694-7.429-6.564-10.341-8.569a16.037 16.037 0 0 1-6.947-12.606c-.396-10.567 3.348-21.456 11.698-29.806l21.054-21.055c5.521-5.521 14.182-6.199 20.584-1.731a152.482 152.482 0 0 1 20.522 17.197zM467.547 44.449c-59.261-59.262-155.69-59.27-214.96 0l-67.2 67.2c-.12.12-.25.25-.36.37-58.566 58.892-59.387 154.781.36 214.59a152.454 152.454 0 0 0 20.521 17.196c6.402 4.468 15.064 3.789 20.584-1.731l21.054-21.055c8.35-8.35 12.094-19.239 11.698-29.806a16.037 16.037 0 0 0-6.947-12.606c-2.912-2.005-6.64-4.875-10.341-8.569-28.073-28.073-28.191-73.639 0-101.83l67.2-67.19c28.239-28.239 74.3-28.069 102.325.51 27.75 28.3 26.872 73.934-1.155 101.96l-13.087 13.087c-4.35 4.35-5.769 10.79-3.783 16.612 5.864 17.194 9.042 34.999 9.69 52.721.509 13.906 17.454 20.446 27.294 10.606l37.106-37.106c59.271-59.259 59.271-155.699.001-214.959z\"><\/path><\/svg><\/span><span class=\"jet-button__label\">M\u00c1IS PROXECTOS<\/span>\t\t<\/div>\n\t<\/a>\n<\/div>\n<\/div>\t\t\t\t<\/div>\n\t\t\t\t<\/div>\n\t\t\t\t\t<\/div>\n\t\t<\/div>\n\t\t\t\t\t<\/div>\n\t\t<\/section>\n\t\t\t\t<\/div>\n\t\t","protected":false},"excerpt":{"rendered":"<p>Sibuya, restaurante Descrici\u00f3n O dese\u00f1o dos restaurantes de Sibuya requir\u00eda mobles personalizados para crear un ambiente acolledor e elegante. Desde a montaxe de mobles a medida ata a instalaci\u00f3n de elementos decorativos, centr\u00e1monos en cada detalle para que o resultado reflectise a esencia da marca Sibuya. Este traballo incl\u00fae dende a montaxe de mesas e [&hellip;]<\/p>\n","protected":false},"author":1,"featured_media":0,"parent":4903,"menu_order":1,"comment_status":"closed","ping_status":"closed","template":"elementor_header_footer","meta":{"footnotes":""},"class_list":["post-4905","page","type-page","status-publish","hentry","no-thumb"],"_links":{"self":[{"href":"https:\/\/montajesnorte.com\/gl\/wp-json\/wp\/v2\/pages\/4905","targetHints":{"allow":["GET"]}}],"collection":[{"href":"https:\/\/montajesnorte.com\/gl\/wp-json\/wp\/v2\/pages"}],"about":[{"href":"https:\/\/montajesnorte.com\/gl\/wp-json\/wp\/v2\/types\/page"}],"author":[{"embeddable":true,"href":"https:\/\/montajesnorte.com\/gl\/wp-json\/wp\/v2\/users\/1"}],"replies":[{"embeddable":true,"href":"https:\/\/montajesnorte.com\/gl\/wp-json\/wp\/v2\/comments?post=4905"}],"version-history":[{"count":2,"href":"https:\/\/montajesnorte.com\/gl\/wp-json\/wp\/v2\/pages\/4905\/revisions"}],"predecessor-version":[{"id":4910,"href":"https:\/\/montajesnorte.com\/gl\/wp-json\/wp\/v2\/pages\/4905\/revisions\/4910"}],"up":[{"embeddable":true,"href":"https:\/\/montajesnorte.com\/gl\/wp-json\/wp\/v2\/pages\/4903"}],"wp:attachment":[{"href":"https:\/\/montajesnorte.com\/gl\/wp-json\/wp\/v2\/media?parent=4905"}],"curies":[{"name":"wp","href":"https:\/\/api.w.org\/{rel}","templated":true}]}}