{"id":4903,"date":"2019-10-08T08:40:10","date_gmt":"2019-10-08T08:40:10","guid":{"rendered":"https:\/\/montajesnorte.com\/proxectos\/"},"modified":"2024-11-05T09:54:56","modified_gmt":"2024-11-05T09:54:56","slug":"proxectos","status":"publish","type":"page","link":"https:\/\/montajesnorte.com\/gl\/proxectos\/","title":{"rendered":"Proxectos"},"content":{"rendered":"\t\t<div data-elementor-type=\"wp-page\" data-elementor-id=\"4903\" class=\"elementor elementor-4903 elementor-2825\">\n\t\t\t\t\t\t<section class=\"elementor-section elementor-top-section elementor-element elementor-element-d4f0fb0 elementor-section-full_width elementor-section-height-default elementor-section-height-default\" data-id=\"d4f0fb0\" data-element_type=\"section\" data-settings=\"{&quot;jet_parallax_layout_list&quot;:[{&quot;jet_parallax_layout_image&quot;:{&quot;url&quot;:&quot;&quot;,&quot;id&quot;:&quot;&quot;,&quot;size&quot;:&quot;&quot;},&quot;_id&quot;:&quot;cd841ea&quot;,&quot;jet_parallax_layout_image_tablet&quot;:{&quot;url&quot;:&quot;&quot;,&quot;id&quot;:&quot;&quot;,&quot;size&quot;:&quot;&quot;},&quot;jet_parallax_layout_image_mobile&quot;:{&quot;url&quot;:&quot;&quot;,&quot;id&quot;:&quot;&quot;,&quot;size&quot;:&quot;&quot;},&quot;jet_parallax_layout_speed&quot;:{&quot;unit&quot;:&quot;%&quot;,&quot;size&quot;:50,&quot;sizes&quot;:[]},&quot;jet_parallax_layout_type&quot;:&quot;scroll&quot;,&quot;jet_parallax_layout_direction&quot;:null,&quot;jet_parallax_layout_fx_direction&quot;:null,&quot;jet_parallax_layout_z_index&quot;:&quot;&quot;,&quot;jet_parallax_layout_bg_x&quot;:50,&quot;jet_parallax_layout_bg_x_tablet&quot;:&quot;&quot;,&quot;jet_parallax_layout_bg_x_mobile&quot;:&quot;&quot;,&quot;jet_parallax_layout_bg_y&quot;:50,&quot;jet_parallax_layout_bg_y_tablet&quot;:&quot;&quot;,&quot;jet_parallax_layout_bg_y_mobile&quot;:&quot;&quot;,&quot;jet_parallax_layout_bg_size&quot;:&quot;auto&quot;,&quot;jet_parallax_layout_bg_size_tablet&quot;:&quot;&quot;,&quot;jet_parallax_layout_bg_size_mobile&quot;:&quot;&quot;,&quot;jet_parallax_layout_animation_prop&quot;:&quot;transform&quot;,&quot;jet_parallax_layout_on&quot;:[&quot;desktop&quot;,&quot;tablet&quot;]}]}\">\n\t\t\t\t\t\t<div class=\"elementor-container elementor-column-gap-default\">\n\t\t\t\t\t<div class=\"elementor-column elementor-col-100 elementor-top-column elementor-element elementor-element-cc5d5f7\" data-id=\"cc5d5f7\" data-element_type=\"column\">\n\t\t\t<div class=\"elementor-widget-wrap elementor-element-populated\">\n\t\t\t\t\t\t<div class=\"elementor-element elementor-element-4543d0b elementor-widget-divider--view-line elementor-widget elementor-widget-divider\" data-id=\"4543d0b\" data-element_type=\"widget\" data-widget_type=\"divider.default\">\n\t\t\t\t<div class=\"elementor-widget-container\">\n\t\t\t\t\t\t\t<div class=\"elementor-divider\">\n\t\t\t<span class=\"elementor-divider-separator\">\n\t\t\t\t\t\t<\/span>\n\t\t<\/div>\n\t\t\t\t\t\t<\/div>\n\t\t\t\t<\/div>\n\t\t\t\t<div class=\"elementor-element elementor-element-de2d1ea elementor-widget elementor-widget-heading\" data-id=\"de2d1ea\" data-element_type=\"widget\" data-widget_type=\"heading.default\">\n\t\t\t\t<div class=\"elementor-widget-container\">\n\t\t\t\t\t<h2 class=\"elementor-heading-title elementor-size-default\">Proxectos<\/h2>\t\t\t\t<\/div>\n\t\t\t\t<\/div>\n\t\t\t\t<div class=\"elementor-element elementor-element-ba40e84 elementor-widget elementor-widget-heading\" data-id=\"ba40e84\" data-element_type=\"widget\" data-widget_type=\"heading.default\">\n\t\t\t\t<div class=\"elementor-widget-container\">\n\t\t\t\t\t<h3 class=\"elementor-heading-title elementor-size-default\">Proxectos que transforman espazos<\/h3>\t\t\t\t<\/div>\n\t\t\t\t<\/div>\n\t\t\t\t<div class=\"elementor-element elementor-element-06861ac elementor-widget__width-initial elementor-widget elementor-widget-text-editor\" data-id=\"06861ac\" data-element_type=\"widget\" data-widget_type=\"text-editor.default\">\n\t\t\t\t<div class=\"elementor-widget-container\">\n\t\t\t\t\t\t\t\t\t<p>Cada proxecto \u00e9 o reflexo da nosa dedicaci\u00f3n e compromiso coa calidade en Sarria e Lugo.<\/p>\n\t\t\t\t\t\t\t\t<\/div>\n\t\t\t\t<\/div>\n\t\t\t\t<div class=\"elementor-element elementor-element-3eefa30 elementor-widget elementor-widget-jet-portfolio\" data-id=\"3eefa30\" data-element_type=\"widget\" data-settings=\"{&quot;columns_mobile&quot;:&quot;1&quot;,&quot;columns&quot;:3}\" data-widget_type=\"jet-portfolio.default\">\n\t\t\t\t<div class=\"elementor-widget-container\">\n\t\t\t\t\t<div class=\"elementor-jet-portfolio jet-elements\">\n<div class=\"jet-portfolio layout-type-grid preset-type-4 layout-desktop-column-3  layout-mobile-column-1\" data-settings=\"{&quot;layoutType&quot;:&quot;grid&quot;,&quot;perPage&quot;:6}\"><div class=\"jet-portfolio__filter\"><div class=\"jet-portfolio__filter-list\"><div class=\"jet-portfolio__filter-item active\" data-slug=\"all\"><span>TODOS<\/span><\/div><div class=\"jet-portfolio__filter-item\" data-slug=\"restauracion\"><span>Restauraci\u00f3n<\/span><\/div><\/div><\/div><div class=\"jet-portfolio__list\"><article class=\"jet-portfolio__item visible-status\" data-slug=\"{&quot;0&quot;:&quot;all&quot;,&quot;1&quot;:&quot;restauracion&quot;}\">\n\t<div class=\"jet-portfolio__inner \">\n\t\t<a class=\"jet-portfolio__link \" target=\"\" rel=\"\" href=\"https:\/\/montajesnorte.com\/gl\/proxectos\/sibuya\/\">\n\t\t\t<div class=\"jet-portfolio__image\">\n\t\t\t\t<img loading=\"lazy\" decoding=\"async\" class=\"jet-portfolio__image-instance\" src=\"https:\/\/montajesnorte.com\/wp-content\/uploads\/2024\/10\/Diseno-sin-titulo-1.jpg\" width=\"1170\" height=\"800\"  alt=\"Dise\u00f1o sin t\u00edtulo (1)\" loading=\"lazy\">\t\t\t\t<div class=\"jet-portfolio__image-loader\"><span><\/span><\/div>\n\t\t\t<\/div>\n\t\t<\/a>\n\t\t<div class=\"jet-portfolio__content\">\n\t\t\t<div class=\"jet-portfolio__content-inner\"><p class=\"jet-portfolio__title\">Sibuya<\/p><h6 class=\"jet-portfolio__category\">Restauraci\u00f3n<\/h6><p class=\"jet-portfolio__desc\">En colaboraci\u00f3n coa cadea de restaurantes Sibuya, Montajes Norte levou a cabo a montaxe integral de varias das s\u00faas sedes, co que cada espazo cumpre con altos est\u00e1ndares de funcionalidade e est\u00e9tica. O noso equipo encargouse tanto da montaxe do mobiliario como das instalaci\u00f3ns el\u00e9ctricas, proporcionando un entorno que combina eficiencia enerx\u00e9tica e dese\u00f1o moderno. <\/p><a class=\"elementor-button elementor-size-md jet-portfolio__button\" href=\"https:\/\/montajesnorte.com\/gl\/proxectos\/sibuya\/\"><span class=\"jet-portfolio__button-text\">M\u00e1is informaci\u00f3n<\/span><\/a><\/div>\n\t\t<\/div>\n\t<\/div>\n<\/article><\/div><\/div>\n<\/div>\t\t\t\t<\/div>\n\t\t\t\t<\/div>\n\t\t\t\t\t<\/div>\n\t\t<\/div>\n\t\t\t\t\t<\/div>\n\t\t<\/section>\n\t\t\t\t<\/div>\n\t\t","protected":false},"excerpt":{"rendered":"<p>Proxectos Proxectos que transforman espazos Cada proxecto \u00e9 o reflexo da nosa dedicaci\u00f3n e compromiso coa calidade en Sarria e Lugo. TODOSRestauraci\u00f3n Sibuya Restauraci\u00f3n En colaboraci\u00f3n coa cadea de restaurantes Sibuya, Montajes Norte levou a cabo a montaxe integral de varias das s\u00faas sedes, co que cada espazo cumpre con altos est\u00e1ndares de funcionalidade e [&hellip;]<\/p>\n","protected":false},"author":1,"featured_media":0,"parent":0,"menu_order":0,"comment_status":"closed","ping_status":"closed","template":"elementor_header_footer","meta":{"footnotes":""},"class_list":["post-4903","page","type-page","status-publish","hentry","no-thumb"],"_links":{"self":[{"href":"https:\/\/montajesnorte.com\/gl\/wp-json\/wp\/v2\/pages\/4903","targetHints":{"allow":["GET"]}}],"collection":[{"href":"https:\/\/montajesnorte.com\/gl\/wp-json\/wp\/v2\/pages"}],"about":[{"href":"https:\/\/montajesnorte.com\/gl\/wp-json\/wp\/v2\/types\/page"}],"author":[{"embeddable":true,"href":"https:\/\/montajesnorte.com\/gl\/wp-json\/wp\/v2\/users\/1"}],"replies":[{"embeddable":true,"href":"https:\/\/montajesnorte.com\/gl\/wp-json\/wp\/v2\/comments?post=4903"}],"version-history":[{"count":2,"href":"https:\/\/montajesnorte.com\/gl\/wp-json\/wp\/v2\/pages\/4903\/revisions"}],"predecessor-version":[{"id":4974,"href":"https:\/\/montajesnorte.com\/gl\/wp-json\/wp\/v2\/pages\/4903\/revisions\/4974"}],"wp:attachment":[{"href":"https:\/\/montajesnorte.com\/gl\/wp-json\/wp\/v2\/media?parent=4903"}],"curies":[{"name":"wp","href":"https:\/\/api.w.org\/{rel}","templated":true}]}}